{"id":29961,"date":"2021-09-09T11:52:30","date_gmt":"2021-09-09T09:52:30","guid":{"rendered":"https:\/\/www.karts.ch\/compleanni\/"},"modified":"2026-01-26T10:18:59","modified_gmt":"2026-01-26T09:18:59","slug":"geburtstagsfeiern","status":"publish","type":"page","link":"https:\/\/www.karts.ch\/de\/geburtstagsfeiern\/","title":{"rendered":"GEBURTSTAGE"},"content":{"rendered":"<div class=\"wpb-content-wrapper\"><p>[vc_row][vc_column]\n\t\t\t<!-- START karts compleanno REVOLUTION SLIDER 6.7.35 --><p class=\"rs-p-wp-fix\"><\/p>\n\t\t\t<rs-module-wrap id=\"rev_slider_9_1_wrapper\" data-source=\"gallery\" style=\"visibility:hidden;background:transparent;padding:0;margin:0px auto;margin-top:0px;margin-bottom:0;\">\n\t\t\t\t<rs-module id=\"rev_slider_9_1\" style=\"\" data-version=\"6.7.35\">\n\t\t\t\t\t<rs-slides style=\"overflow: hidden; position: absolute;\">\n\t\t\t\t\t\t<rs-slide style=\"position: absolute;\" data-key=\"rs-20\" data-title=\"Slide\" data-anim=\"adpr:false;\" data-in=\"o:0;x:-100%;\" data-out=\"a:false;\">\n\t\t\t\t\t\t\t<img decoding=\"async\" src=\"\/\/www.karts.ch\/wp-content\/plugins\/revslider\/sr6\/assets\/assets\/dummy.png\" alt=\"\" title=\"ET5A6656-Edit New\" width=\"4301\" height=\"2867\" class=\"rev-slidebg tp-rs-img rs-lazyload\" data-lazyload=\"\/\/www.karts.ch\/wp-content\/uploads\/2023\/01\/ET5A6656-Edit-New.jpg\" data-bg=\"p:50% 10%;\" data-no-retina>\n<!--\n\t\t\t\t\t\t\t--><rs-layer\n\t\t\t\t\t\t\t\tid=\"slider-9-slide-20-layer-0\" \n\t\t\t\t\t\t\t\tdata-type=\"text\"\n\t\t\t\t\t\t\t\tdata-tsh=\"c:rgba(0,0,0,0.8);h:5px,4px,3px,1px;v:3px,2px,1px,0px;b:15px,12px,9px,5px;\"\n\t\t\t\t\t\t\t\tdata-rsp_ch=\"on\"\n\t\t\t\t\t\t\t\tdata-xy=\"xo:60px,60px,30px,25px;yo:120px,100px,120px,120px;\"\n\t\t\t\t\t\t\t\tdata-text=\"w:normal;s:70,60,50,40;l:70,60,50,40;fw:900;\"\n\t\t\t\t\t\t\t\tdata-frame_0=\"x:left;\"\n\t\t\t\t\t\t\t\tdata-frame_1=\"sp:1000;\"\n\t\t\t\t\t\t\t\tdata-frame_999=\"x:right;o:0;st:w;sp:1000;\"\n\t\t\t\t\t\t\t\tstyle=\"z-index:5;font-family:'Montserrat';font-style:italic;\"\n\t\t\t\t\t\t\t>EIN HIGHSPEED<br \/>\nGEBURTSTAG \n\t\t\t\t\t\t\t<\/rs-layer><!--\n-->\t\t\t\t\t<\/rs-slide>\n\t\t\t\t\t<\/rs-slides>\n\t\t\t\t<\/rs-module>\n\t\t\t\t<script>\n\t\t\t\t\tsetREVStartSize({c: 'rev_slider_9_1',rl:[1240,1024,778,480],el:[850,600,600,500],gw:[1240,1024,778,480],gh:[850,700,600,500],type:'hero',justify:'',layout:'fullwidth',mh:\"0\"});if (window.RS_MODULES!==undefined && window.RS_MODULES.modules!==undefined && window.RS_MODULES.modules[\"revslider91\"]!==undefined) {window.RS_MODULES.modules[\"revslider91\"].once = false;window.revapi9 = undefined;if (window.RS_MODULES.checkMinimal!==undefined) window.RS_MODULES.checkMinimal()}\n\t\t\t\t<\/script>\n\t\t\t<\/rs-module-wrap>\n\t\t\t<!-- END REVOLUTION SLIDER -->\n[\/vc_column][\/vc_row][vc_row][vc_column col_shadow=&#8220;box_shadow_enable:disable|shadow_horizontal:0|shadow_vertical:15|shadow_blur:50|shadow_spread:0|box_shadow_color:rgba(0%2C0%2C0%2C0.35)&#8220; col_shadow_hover=&#8220;box_shadow_enable:disable|shadow_horizontal:0|shadow_vertical:15|shadow_blur:50|shadow_spread:0|box_shadow_color:rgba(0%2C0%2C0%2C0.35)&#8220;]<div class=\"dfd-spacer-module\"  data-units=\"px\" data-wide_resolution=\"1280\" data-wide_size=\"120\" data-normal_resolution=\"1024\" data-normal_size=\"120\" data-tablet_resolution=\"800\" data-tablet_size=\"100\" data-mobile_resolution=\"480\" data-mobile_size=\"80\" style=\"height: 120px;\"><\/div>[\/vc_column][\/vc_row][vc_row css=&#8220;.vc_custom_1632832410370{padding-right: 30px !important;padding-left: 30px !important;}&#8220;][vc_column width=&#8220;1\/6&#8243;][\/vc_column][vc_column width=&#8220;2\/3&#8243;]<div class=\"dfd-heading-shortcode\"><div class=\"dfd-heading-module-wrap  text-left style_01 cr-animate-gen dfd-heading-6a01df30a1dbd dfd-disable-resposive-headings\" id=\"dfd-heading-6a01df30a1dbd\" data-animate-type = \"transition.expandIn\" ><div class=\"inline-block\"><div class=\"dfd-heading-module\"><h3 class=\"widget-title dfd-title \" style=\"\">Suchen Sie nach einer neuen und lustigen Idee, um den Geburtstag Ihrer Kinder zu feiern? Wie w\u00e4re es dann mit einer kleinen Go-Kart-Fahrt auf der Bahn in Locarno-Magadino?<\/p>\n<p>Entdecken Sie unser <span style=\"color: #f90038;\">Kindergeburtstagspaket!<\/span><\/p>\n<p>(mindestens ab 8 Kinder, 8-13 Jahre alt und mind. 130 cm K\u00f6rpergr\u00f6sse).<\/p>\n<p>&nbsp;<\/p>\n<p><\/h3><\/div><\/div><\/div><script type=\"text\/javascript\">\r\n\t\t\t\t\t\t\t\t\t(function($) {\r\n\t\t\t\t\t\t\t\t\t\t$(\"head\").append(\"<style>.dfd-heading-6a01df30a1dbd.dfd-heading-module-wrap .dfd-heading-module .dfd-heading-delimiter {margin-top:10px;margin-bottom:10px;}@media (max-width: 1023px) and (min-width: 800px){.dfd-heading-6a01df30a1dbd .dfd-title{font-size: 30px !important;letter-spacing: 0px !important;line-height: 36px !important;}}@media (max-width: 799px){.dfd-heading-6a01df30a1dbd .dfd-title{font-size: 28px !important;letter-spacing: 0px !important;line-height: 34px !important;}}<\/style>\");\r\n\t\t\t\t\t\t\t\t\t})(jQuery);\r\n\t\t\t\t\t\t\t\t<\/script><\/div>[\/vc_column][vc_column width=&#8220;1\/6&#8243;][\/vc_column][\/vc_row][vc_row][vc_column col_shadow=&#8220;box_shadow_enable:disable|shadow_horizontal:0|shadow_vertical:15|shadow_blur:50|shadow_spread:0|box_shadow_color:rgba(0%2C0%2C0%2C0.35)&#8220; col_shadow_hover=&#8220;box_shadow_enable:disable|shadow_horizontal:0|shadow_vertical:15|shadow_blur:50|shadow_spread:0|box_shadow_color:rgba(0%2C0%2C0%2C0.35)&#8220;]<div class=\"dfd-spacer-module\"  data-units=\"px\" data-wide_resolution=\"1280\" data-wide_size=\"100\" data-normal_resolution=\"1024\" data-normal_size=\"100\" data-tablet_resolution=\"800\" data-tablet_size=\"80\" data-mobile_resolution=\"480\" data-mobile_size=\"80\" style=\"height: 100px;\"><\/div>[\/vc_column][\/vc_row][vc_row css=&#8220;.vc_custom_1632832410370{padding-right: 30px !important;padding-left: 30px !important;}&#8220;][vc_column width=&#8220;1\/6&#8243;][\/vc_column][vc_column width=&#8220;2\/3&#8243;]<div class=\"animation-container \" ><div id=\"video-player-6a01df30a1e96-4904\" class=\"dfd-videoplayer style-1  text-center \"><div class=\"dfd-video-content video-content\" id=\"module_video_6a01df30a1e9f\"><div class=\"dfd-video-box \"  ><a href=\"#module_video_6a01df30a1e9f\" class=\"dfd-video-image-thumb \" title=\"Video abspielen\"><span class=\"container-play\"><span class=\"play\" style=\"border-left-color:#000000\"><\/span><span class=\"play-shadow\"><\/span><\/span><img decoding=\"async\" src=\"https:\/\/www.karts.ch\/wp-content\/uploads\/2023\/01\/ET5A6656-Edit-New-1200x746.jpg\" alt=\"Bild\"  \/><\/a><div class=\"wpb_video_wrapper\"><iframe loading=\"lazy\" title=\"I nostri Minikart!\" width=\"1200\" height=\"675\" src=\"https:\/\/www.youtube.com\/embed\/M8RtunAIQRo?feature=oembed\" frameborder=\"0\" allow=\"accelerometer; autoplay; clipboard-write; encrypted-media; gyroscope; picture-in-picture; web-share\" allowfullscreen><\/iframe><\/div><\/div><\/div><\/div><\/div><script type=\"text\/javascript\">\r\n\t\t\t\t\t\t\t(function($) {\r\n\t\t\t\t\t\t\t\t$(\"head\").append(\"<style>#video-player-6a01df30a1e96-4904.style-1 .dfd-video-content .dfd-video-box .dfd-video-image-thumb .container-play {background: #ffffff;}<\/style>\");\r\n\t\t\t\t\t\t\t\t$(document).ready(function(){\r\n\t\t\t\t\t\t\t\t\tDFD_VideoModule.init(\"module_video_6a01df30a1e9f\",\"video-player-6a01df30a1e96-4904\");\r\n\t\t\t\t\t\t\t\t});\r\n\t\t\t\t\t\t\t})(jQuery);\r\n\t\t\t\t\t\t<\/script><div class=\"dfd-heading-shortcode\"><div class=\"dfd-heading-module-wrap  text-left style_01 cr-animate-gen dfd-heading-6a01df30a2d50 dfd-disable-resposive-headings\" id=\"dfd-heading-6a01df30a2d50\" data-animate-type = \"transition.expandIn\" ><div class=\"inline-block\"><div class=\"dfd-heading-module\"><h3 class=\"widget-title dfd-title \" style=\"\">Unsere Minikarts!<\/h3><\/div><\/div><\/div><script type=\"text\/javascript\">\r\n\t\t\t\t\t\t\t\t\t(function($) {\r\n\t\t\t\t\t\t\t\t\t\t$(\"head\").append(\"<style>.dfd-heading-6a01df30a2d50 .dfd-heading-module .widget-title {margin-top:15px;}.dfd-heading-6a01df30a2d50.dfd-heading-module-wrap .dfd-heading-module .dfd-heading-delimiter {margin-top:10px;margin-bottom:10px;}@media (max-width: 1023px) and (min-width: 800px){.dfd-heading-6a01df30a2d50 .dfd-title{font-size: 30px !important;letter-spacing: 0px !important;line-height: 36px !important;}}@media (max-width: 799px){.dfd-heading-6a01df30a2d50 .dfd-title{font-size: 28px !important;letter-spacing: 0px !important;line-height: 34px !important;}}<\/style>\");\r\n\t\t\t\t\t\t\t\t\t})(jQuery);\r\n\t\t\t\t\t\t\t\t<\/script><\/div>[\/vc_column][vc_column width=&#8220;1\/6&#8243;][\/vc_column][\/vc_row][vc_row][vc_column col_shadow=&#8220;box_shadow_enable:disable|shadow_horizontal:0|shadow_vertical:15|shadow_blur:50|shadow_spread:0|box_shadow_color:rgba(0%2C0%2C0%2C0.35)&#8220; col_shadow_hover=&#8220;box_shadow_enable:disable|shadow_horizontal:0|shadow_vertical:15|shadow_blur:50|shadow_spread:0|box_shadow_color:rgba(0%2C0%2C0%2C0.35)&#8220;]<div class=\"dfd-spacer-module\"  data-units=\"px\" data-wide_resolution=\"1280\" data-wide_size=\"200\" data-normal_resolution=\"1024\" data-normal_size=\"150\" data-tablet_resolution=\"800\" data-tablet_size=\"120\" data-mobile_resolution=\"480\" data-mobile_size=\"100\" style=\"height: 200px;\"><\/div>[\/vc_column][\/vc_row][vc_row dfd_row_config=&#8220;full_width_content&#8220;][vc_column width=&#8220;1\/2&#8243; col_shadow=&#8220;box_shadow_enable:disable|shadow_horizontal:0|shadow_vertical:15|shadow_blur:50|shadow_spread:0|box_shadow_color:rgba(0%2C0%2C0%2C0.35)&#8220; col_shadow_hover=&#8220;box_shadow_enable:disable|shadow_horizontal:0|shadow_vertical:15|shadow_blur:50|shadow_spread:0|box_shadow_color:rgba(0%2C0%2C0%2C0.35)&#8220;][vc_single_image image=&#8220;30313&#8243; img_size=&#8220;full&#8220; css_animation=&#8220;slideInLeft&#8220;][\/vc_column][vc_column width=&#8220;1\/2&#8243; dfd_column_responsive_enable=&#8220;dfd-column-responsive-enable&#8220; css=&#8220;.vc_custom_1632835775765{padding-right: 150px !important;padding-left: 150px !important;}&#8220; col_shadow=&#8220;box_shadow_enable:disable|shadow_horizontal:0|shadow_vertical:15|shadow_blur:50|shadow_spread:0|box_shadow_color:rgba(0%2C0%2C0%2C0.35)&#8220; col_shadow_hover=&#8220;box_shadow_enable:disable|shadow_horizontal:0|shadow_vertical:15|shadow_blur:50|shadow_spread:0|box_shadow_color:rgba(0%2C0%2C0%2C0.35)&#8220; responsive_styles=&#8220;padding_left_desktop:60|padding_right_desktop:60|padding_left_tablet:30|padding_right_tablet:30|padding_top_mobile:60|padding_left_mobile:30|padding_right_mobile:30&#8243;]<div class=\"dfd-heading-shortcode\"><div class=\"dfd-heading-module-wrap  text-left style_01 cr-animate-gen dfd-heading-6a01df30a2ded dfd-disable-resposive-headings\" id=\"dfd-heading-6a01df30a2ded\" data-animate-type = \"transition.slideRightBigIn\" ><div class=\"inline-block\"><div class=\"dfd-heading-module\"><h1 class=\"widget-title dfd-title \" style=\"color: #f90038 !important; \">PREISE<\/h1><\/div><\/div><\/div><script type=\"text\/javascript\">\r\n\t\t\t\t\t\t\t\t\t(function($) {\r\n\t\t\t\t\t\t\t\t\t\t$(\"head\").append(\"<style>.dfd-heading-6a01df30a2ded.dfd-heading-module-wrap .dfd-heading-module .dfd-heading-delimiter {margin-top:10px;margin-bottom:10px;}@media (max-width: 1279px) and (min-width: 1024px){.dfd-heading-6a01df30a2ded .dfd-title{font-size: 60px !important;letter-spacing: 0px !important;line-height: 60px !important;}}@media (max-width: 1023px) and (min-width: 800px){.dfd-heading-6a01df30a2ded .dfd-title{font-size: 50px !important;letter-spacing: 0px !important;line-height: 50px !important;}}@media (max-width: 799px){.dfd-heading-6a01df30a2ded .dfd-title{font-size: 40px !important;letter-spacing: 0px !important;line-height: 40px !important;}}<\/style>\");\r\n\t\t\t\t\t\t\t\t\t})(jQuery);\r\n\t\t\t\t\t\t\t\t<\/script><\/div><div class=\"dfd-spacer-module\"  data-units=\"px\" data-wide_resolution=\"1280\" data-wide_size=\"60\" data-normal_resolution=\"1024\" data-normal_size=\"60\" data-tablet_resolution=\"800\" data-tablet_size=\"30\" data-mobile_resolution=\"480\" data-mobile_size=\"30\" style=\"height: 60px;\"><\/div>[vc_column_text css=&#8220;&#8220; el_class=&#8220;hr hr-red&#8220;]<span class=\"text-boxed\" style=\"color: #ffffff; background-color: #f90038;\">BASISPAKET<\/span><\/p>\n<p>Mini-Einf\u00fchrungskurs 10 Minuten<br \/>\n1 x 10 Minuten Minikartfahren auf der Rennstrecke<br \/>\nGadgetsgeschenke f\u00fcr alle Teilnehmer<br \/>\nGeschenkrucksack f\u00fcr das Geburtstagskind<\/p>\n<p><span style=\"color: #f90038;\"><strong>Preis pro Kind CHF 17.\u2013<br \/>\n<\/strong><\/span><\/p>\n<hr \/>\n<p><span class=\"text-boxed\" style=\"color: #ffffff; background-color: #f90038;\">PLUSPAKET<\/span><\/p>\n<p>Mini-Einf\u00fchrungskurs 10 Minuten<br \/>\n2 x 10 Minuten Minikartfahren auf der Rennstrecke<br \/>\nGadgetsgeschenke f\u00fcr alle Teilnehmer<br \/>\nT-Shirt als Geschenk f\u00fcr das Geburtstagskind<\/p>\n<p><span style=\"color: #f90038;\"><strong>Preis pro Kind CHF 32.\u2013<br \/>\n<\/strong><\/span>[\/vc_column_text]<div class=\"dfd-spacer-module\"  data-units=\"px\" data-wide_resolution=\"1280\" data-wide_size=\"60\" data-normal_resolution=\"1024\" data-normal_size=\"60\" data-tablet_resolution=\"800\" data-tablet_size=\"60\" data-mobile_resolution=\"480\" data-mobile_size=\"60\" style=\"height: 60px;\"><\/div>[vc_column_text css_animation=&#8220;slideInRight&#8220; css=&#8220;&#8220;]Ausserdem stehen Ihnen auf Wunsch kostenlos unsere Tische und B\u00e4nke f\u00fcr ein Picknick oder f\u00fcr die Geburtstagstorte und Erfrischungsgetr\u00e4nke zur Verf\u00fcgung!<\/p>\n<p><em>Pakete nur ab einer Mindestanzahl von 8 Kindern und nur nach Voranmeldung. Das Kindergeburtstagspaket wird nur in italienischer Sprache angeboten.<\/em><\/p>\n<p><em>Termine: Je nach Verf\u00fcgbarkeit der Rennstrecke. In der Regel: Mittwoch 13.00 &#8211; 15.30 &#8211; 16.30. Sonntag 11.30 &#8211; 13.00.<\/em><\/p>\n<p>[\/vc_column_text][\/vc_column][\/vc_row][vc_row][vc_column col_shadow=&#8220;box_shadow_enable:disable|shadow_horizontal:0|shadow_vertical:15|shadow_blur:50|shadow_spread:0|box_shadow_color:rgba(0%2C0%2C0%2C0.35)&#8220; col_shadow_hover=&#8220;box_shadow_enable:disable|shadow_horizontal:0|shadow_vertical:15|shadow_blur:50|shadow_spread:0|box_shadow_color:rgba(0%2C0%2C0%2C0.35)&#8220;]<div class=\"dfd-spacer-module\"  data-units=\"px\" data-wide_resolution=\"1280\" data-wide_size=\"200\" data-normal_resolution=\"1024\" data-normal_size=\"200\" data-tablet_resolution=\"800\" data-tablet_size=\"200\" data-mobile_resolution=\"480\" data-mobile_size=\"200\" style=\"height: 200px;\"><\/div>[\/vc_column][\/vc_row]<\/p>\n<\/div>","protected":false},"excerpt":{"rendered":"<p>[vc_row][vc_column][\/vc_column][\/vc_row][vc_row][vc_column col_shadow=&#8220;box_shadow_enable:disable|shadow_horizontal:0|shadow_vertical:15|shadow_blur:50|shadow_spread:0|box_shadow_color:rgba(0%2C0%2C0%2C0.35)&#8220; col_shadow_hover=&#8220;box_shadow_enable:disable|shadow_horizontal:0|shadow_vertical:15|shadow_blur:50|shadow_spread:0|box_shadow_color:rgba(0%2C0%2C0%2C0.35)&#8220;][\/vc_column][\/vc_row][vc_row css=&#8220;.vc_custom_1632832410370{padding-right: 30px !important;padding-left: 30px !important;}&#8220;][vc_column width=&#8220;1\/6&#8243;][\/vc_column][vc_column width=&#8220;2\/3&#8243;][\/vc_column][vc_column width=&#8220;1\/6&#8243;][\/vc_column][\/vc_row][vc_row][vc_column col_shadow=&#8220;box_shadow_enable:disable|shadow_horizontal:0|shadow_vertical:15|shadow_blur:50|shadow_spread:0|box_shadow_color:rgba(0%2C0%2C0%2C0.35)&#8220; col_shadow_hover=&#8220;box_shadow_enable:disable|shadow_horizontal:0|shadow_vertical:15|shadow_blur:50|shadow_spread:0|box_shadow_color:rgba(0%2C0%2C0%2C0.35)&#8220;][\/vc_column][\/vc_row][vc_row css=&#8220;.vc_custom_1632832410370{padding-right: 30px !important;padding-left: 30px !important;}&#8220;][vc_column width=&#8220;1\/6&#8243;][\/vc_column][vc_column width=&#8220;2\/3&#8243;][\/vc_column][vc_column width=&#8220;1\/6&#8243;][\/vc_column][\/vc_row][vc_row][vc_column col_shadow=&#8220;box_shadow_enable:disable|shadow_horizontal:0|shadow_vertical:15|shadow_blur:50|shadow_spread:0|box_shadow_color:rgba(0%2C0%2C0%2C0.35)&#8220; col_shadow_hover=&#8220;box_shadow_enable:disable|shadow_horizontal:0|shadow_vertical:15|shadow_blur:50|shadow_spread:0|box_shadow_color:rgba(0%2C0%2C0%2C0.35)&#8220;][\/vc_column][\/vc_row][vc_row dfd_row_config=&#8220;full_width_content&#8220;][vc_column width=&#8220;1\/2&#8243; col_shadow=&#8220;box_shadow_enable:disable|shadow_horizontal:0|shadow_vertical:15|shadow_blur:50|shadow_spread:0|box_shadow_color:rgba(0%2C0%2C0%2C0.35)&#8220; col_shadow_hover=&#8220;box_shadow_enable:disable|shadow_horizontal:0|shadow_vertical:15|shadow_blur:50|shadow_spread:0|box_shadow_color:rgba(0%2C0%2C0%2C0.35)&#8220;][vc_single_image image=&#8220;30313&#8243; img_size=&#8220;full&#8220; css_animation=&#8220;slideInLeft&#8220;][\/vc_column][vc_column<\/p>\n","protected":false},"author":1,"featured_media":0,"parent":0,"menu_order":0,"comment_status":"closed","ping_status":"closed","template":"page-custom.php","meta":{"inline_featured_image":false,"footnotes":""},"class_list":["post-29961","page","type-page","status-publish","hentry"],"yoast_head":"<!-- This site is optimized with the Yoast SEO plugin v27.4 - https:\/\/yoast.com\/product\/yoast-seo-wordpress\/ -->\n<title>GEBURTSTAGE - Karts<\/title>\n<meta name=\"description\" content=\"Suchen Sie nach einer neuen und lustigen Idee, um den Geburtstag Ihrer Kinder zu feiern? Entdecken Sie unser Kindergeburtstagspaket\" \/>\n<meta name=\"robots\" content=\"index, follow, max-snippet:-1, max-image-preview:large, max-video-preview:-1\" \/>\n<link rel=\"canonical\" href=\"https:\/\/www.karts.ch\/de\/geburtstagsfeiern\/\" \/>\n<meta property=\"og:locale\" content=\"de_DE\" \/>\n<meta property=\"og:type\" content=\"article\" \/>\n<meta property=\"og:title\" content=\"GEBURTSTAGE - Karts\" \/>\n<meta property=\"og:description\" content=\"Suchen Sie nach einer neuen und lustigen Idee, um den Geburtstag Ihrer Kinder zu feiern? Entdecken Sie unser Kindergeburtstagspaket\" \/>\n<meta property=\"og:url\" content=\"https:\/\/www.karts.ch\/de\/geburtstagsfeiern\/\" \/>\n<meta property=\"og:site_name\" content=\"Karts\" \/>\n<meta property=\"article:modified_time\" content=\"2026-01-26T09:18:59+00:00\" \/>\n<meta name=\"twitter:card\" content=\"summary_large_image\" \/>\n<meta name=\"twitter:label1\" content=\"Gesch\u00e4tzte Lesezeit\" \/>\n\t<meta name=\"twitter:data1\" content=\"5\u00a0Minuten\" \/>\n<script type=\"application\/ld+json\" class=\"yoast-schema-graph\">{\"@context\":\"https:\\\/\\\/schema.org\",\"@graph\":[{\"@type\":\"WebPage\",\"@id\":\"https:\\\/\\\/www.karts.ch\\\/de\\\/geburtstagsfeiern\\\/\",\"url\":\"https:\\\/\\\/www.karts.ch\\\/de\\\/geburtstagsfeiern\\\/\",\"name\":\"GEBURTSTAGE - Karts\",\"isPartOf\":{\"@id\":\"https:\\\/\\\/www.karts.ch\\\/de\\\/#website\"},\"datePublished\":\"2021-09-09T09:52:30+00:00\",\"dateModified\":\"2026-01-26T09:18:59+00:00\",\"description\":\"Suchen Sie nach einer neuen und lustigen Idee, um den Geburtstag Ihrer Kinder zu feiern? Entdecken Sie unser Kindergeburtstagspaket\",\"breadcrumb\":{\"@id\":\"https:\\\/\\\/www.karts.ch\\\/de\\\/geburtstagsfeiern\\\/#breadcrumb\"},\"inLanguage\":\"de\",\"potentialAction\":[{\"@type\":\"ReadAction\",\"target\":[\"https:\\\/\\\/www.karts.ch\\\/de\\\/geburtstagsfeiern\\\/\"]}]},{\"@type\":\"BreadcrumbList\",\"@id\":\"https:\\\/\\\/www.karts.ch\\\/de\\\/geburtstagsfeiern\\\/#breadcrumb\",\"itemListElement\":[{\"@type\":\"ListItem\",\"position\":1,\"name\":\"Home\",\"item\":\"https:\\\/\\\/www.karts.ch\\\/de\\\/\"},{\"@type\":\"ListItem\",\"position\":2,\"name\":\"GEBURTSTAGE\"}]},{\"@type\":\"WebSite\",\"@id\":\"https:\\\/\\\/www.karts.ch\\\/de\\\/#website\",\"url\":\"https:\\\/\\\/www.karts.ch\\\/de\\\/\",\"name\":\"Karts\",\"description\":\"Pista GOKART Locarno-Magadino\",\"publisher\":{\"@id\":\"https:\\\/\\\/www.karts.ch\\\/de\\\/#organization\"},\"potentialAction\":[{\"@type\":\"SearchAction\",\"target\":{\"@type\":\"EntryPoint\",\"urlTemplate\":\"https:\\\/\\\/www.karts.ch\\\/de\\\/?s={search_term_string}\"},\"query-input\":{\"@type\":\"PropertyValueSpecification\",\"valueRequired\":true,\"valueName\":\"search_term_string\"}}],\"inLanguage\":\"de\"},{\"@type\":\"Organization\",\"@id\":\"https:\\\/\\\/www.karts.ch\\\/de\\\/#organization\",\"name\":\"karts\",\"url\":\"https:\\\/\\\/www.karts.ch\\\/de\\\/\",\"logo\":{\"@type\":\"ImageObject\",\"inLanguage\":\"de\",\"@id\":\"https:\\\/\\\/www.karts.ch\\\/de\\\/#\\\/schema\\\/logo\\\/image\\\/\",\"url\":\"https:\\\/\\\/www.karts.ch\\\/wp-content\\\/uploads\\\/2021\\\/09\\\/logo_black.png\",\"contentUrl\":\"https:\\\/\\\/www.karts.ch\\\/wp-content\\\/uploads\\\/2021\\\/09\\\/logo_black.png\",\"width\":473,\"height\":94,\"caption\":\"karts\"},\"image\":{\"@id\":\"https:\\\/\\\/www.karts.ch\\\/de\\\/#\\\/schema\\\/logo\\\/image\\\/\"}}]}<\/script>\n<!-- \/ Yoast SEO plugin. -->","yoast_head_json":{"title":"GEBURTSTAGE - Karts","description":"Suchen Sie nach einer neuen und lustigen Idee, um den Geburtstag Ihrer Kinder zu feiern? Entdecken Sie unser Kindergeburtstagspaket","robots":{"index":"index","follow":"follow","max-snippet":"max-snippet:-1","max-image-preview":"max-image-preview:large","max-video-preview":"max-video-preview:-1"},"canonical":"https:\/\/www.karts.ch\/de\/geburtstagsfeiern\/","og_locale":"de_DE","og_type":"article","og_title":"GEBURTSTAGE - Karts","og_description":"Suchen Sie nach einer neuen und lustigen Idee, um den Geburtstag Ihrer Kinder zu feiern? Entdecken Sie unser Kindergeburtstagspaket","og_url":"https:\/\/www.karts.ch\/de\/geburtstagsfeiern\/","og_site_name":"Karts","article_modified_time":"2026-01-26T09:18:59+00:00","twitter_card":"summary_large_image","twitter_misc":{"Gesch\u00e4tzte Lesezeit":"5\u00a0Minuten"},"schema":{"@context":"https:\/\/schema.org","@graph":[{"@type":"WebPage","@id":"https:\/\/www.karts.ch\/de\/geburtstagsfeiern\/","url":"https:\/\/www.karts.ch\/de\/geburtstagsfeiern\/","name":"GEBURTSTAGE - Karts","isPartOf":{"@id":"https:\/\/www.karts.ch\/de\/#website"},"datePublished":"2021-09-09T09:52:30+00:00","dateModified":"2026-01-26T09:18:59+00:00","description":"Suchen Sie nach einer neuen und lustigen Idee, um den Geburtstag Ihrer Kinder zu feiern? Entdecken Sie unser Kindergeburtstagspaket","breadcrumb":{"@id":"https:\/\/www.karts.ch\/de\/geburtstagsfeiern\/#breadcrumb"},"inLanguage":"de","potentialAction":[{"@type":"ReadAction","target":["https:\/\/www.karts.ch\/de\/geburtstagsfeiern\/"]}]},{"@type":"BreadcrumbList","@id":"https:\/\/www.karts.ch\/de\/geburtstagsfeiern\/#breadcrumb","itemListElement":[{"@type":"ListItem","position":1,"name":"Home","item":"https:\/\/www.karts.ch\/de\/"},{"@type":"ListItem","position":2,"name":"GEBURTSTAGE"}]},{"@type":"WebSite","@id":"https:\/\/www.karts.ch\/de\/#website","url":"https:\/\/www.karts.ch\/de\/","name":"Karts","description":"Pista GOKART Locarno-Magadino","publisher":{"@id":"https:\/\/www.karts.ch\/de\/#organization"},"potentialAction":[{"@type":"SearchAction","target":{"@type":"EntryPoint","urlTemplate":"https:\/\/www.karts.ch\/de\/?s={search_term_string}"},"query-input":{"@type":"PropertyValueSpecification","valueRequired":true,"valueName":"search_term_string"}}],"inLanguage":"de"},{"@type":"Organization","@id":"https:\/\/www.karts.ch\/de\/#organization","name":"karts","url":"https:\/\/www.karts.ch\/de\/","logo":{"@type":"ImageObject","inLanguage":"de","@id":"https:\/\/www.karts.ch\/de\/#\/schema\/logo\/image\/","url":"https:\/\/www.karts.ch\/wp-content\/uploads\/2021\/09\/logo_black.png","contentUrl":"https:\/\/www.karts.ch\/wp-content\/uploads\/2021\/09\/logo_black.png","width":473,"height":94,"caption":"karts"},"image":{"@id":"https:\/\/www.karts.ch\/de\/#\/schema\/logo\/image\/"}}]}},"_links":{"self":[{"href":"https:\/\/www.karts.ch\/de\/wp-json\/wp\/v2\/pages\/29961","targetHints":{"allow":["GET"]}}],"collection":[{"href":"https:\/\/www.karts.ch\/de\/wp-json\/wp\/v2\/pages"}],"about":[{"href":"https:\/\/www.karts.ch\/de\/wp-json\/wp\/v2\/types\/page"}],"author":[{"embeddable":true,"href":"https:\/\/www.karts.ch\/de\/wp-json\/wp\/v2\/users\/1"}],"replies":[{"embeddable":true,"href":"https:\/\/www.karts.ch\/de\/wp-json\/wp\/v2\/comments?post=29961"}],"version-history":[{"count":16,"href":"https:\/\/www.karts.ch\/de\/wp-json\/wp\/v2\/pages\/29961\/revisions"}],"predecessor-version":[{"id":33457,"href":"https:\/\/www.karts.ch\/de\/wp-json\/wp\/v2\/pages\/29961\/revisions\/33457"}],"wp:attachment":[{"href":"https:\/\/www.karts.ch\/de\/wp-json\/wp\/v2\/media?parent=29961"}],"curies":[{"name":"wp","href":"https:\/\/api.w.org\/{rel}","templated":true}]}}