{"id":33548,"date":"2026-02-09T15:54:28","date_gmt":"2026-02-09T14:54:28","guid":{"rendered":"https:\/\/www.karts.ch\/?page_id=33548"},"modified":"2026-02-10T10:12:46","modified_gmt":"2026-02-10T09:12:46","slug":"familienaktion-von-ticino-turismo","status":"publish","type":"page","link":"https:\/\/www.karts.ch\/de\/familienaktion-von-ticino-turismo\/","title":{"rendered":"Familienaktion von Ticino Turismo"},"content":{"rendered":"<div class=\"wpb-content-wrapper\"><p>[vc_row][vc_column]\n\t\t\t<!-- START Ticino turismo REVOLUTION SLIDER 6.7.35 --><p class=\"rs-p-wp-fix\"><\/p>\n\t\t\t<rs-module-wrap id=\"rev_slider_25_1_wrapper\" data-source=\"gallery\" style=\"visibility:hidden;background:transparent;padding:0;margin:0px auto;margin-top:0px;margin-bottom:0;\">\n\t\t\t\t<rs-module id=\"rev_slider_25_1\" style=\"\" data-version=\"6.7.35\">\n\t\t\t\t\t<rs-slides style=\"overflow: hidden; position: absolute;\">\n\t\t\t\t\t\t<rs-slide style=\"position: absolute;\" data-key=\"rs-83\" data-title=\"Slide\" data-anim=\"adpr:false;\" data-in=\"o:0;x:-100%;\" data-out=\"a:false;\">\n\t\t\t\t\t\t\t<img decoding=\"async\" src=\"\/\/www.karts.ch\/wp-content\/plugins\/revslider\/sr6\/assets\/assets\/dummy.png\" alt=\"\" title=\"Kart_Magadino_18.06.2024-163\" width=\"4240\" height=\"2832\" class=\"rev-slidebg tp-rs-img rs-lazyload\" data-lazyload=\"\/\/www.karts.ch\/wp-content\/uploads\/2024\/07\/Kart_Magadino_18.06.2024-163.jpg\" data-no-retina>\n<!--\n\t\t\t\t\t\t\t--><rs-layer\n\t\t\t\t\t\t\t\tid=\"slider-25-slide-83-layer-0\" \n\t\t\t\t\t\t\t\tdata-type=\"text\"\n\t\t\t\t\t\t\t\tdata-tsh=\"c:rgba(0,0,0,0.8);h:5px,4px,3px,1px;v:3px,2px,1px,0px;b:15px,12px,9px,5px;\"\n\t\t\t\t\t\t\t\tdata-rsp_ch=\"on\"\n\t\t\t\t\t\t\t\tdata-xy=\"xo:60px,60px,30px,25px;yo:120px,100px,120px,120px;\"\n\t\t\t\t\t\t\t\tdata-text=\"w:normal;s:70,60,50,40;l:70,60,50,40;fw:900;\"\n\t\t\t\t\t\t\t\tdata-frame_0=\"x:left;\"\n\t\t\t\t\t\t\t\tdata-frame_1=\"sp:1000;\"\n\t\t\t\t\t\t\t\tdata-frame_999=\"x:right;o:0;st:w;sp:1000;\"\n\t\t\t\t\t\t\t\tstyle=\"z-index:5;font-family:'Montserrat';font-style:italic;\"\n\t\t\t\t\t\t\t>FAMILIENAKTION<br \/>\nTICINO TURISMO \n\t\t\t\t\t\t\t<\/rs-layer><!--\n-->\t\t\t\t\t<\/rs-slide>\n\t\t\t\t\t<\/rs-slides>\n\t\t\t\t<\/rs-module>\n\t\t\t\t<script>\n\t\t\t\t\tsetREVStartSize({c: 'rev_slider_25_1',rl:[1240,1024,778,480],el:[850,600,600,500],gw:[1240,1024,778,480],gh:[850,700,600,500],type:'hero',justify:'',layout:'fullwidth',mh:\"0\"});if (window.RS_MODULES!==undefined && window.RS_MODULES.modules!==undefined && window.RS_MODULES.modules[\"revslider251\"]!==undefined) {window.RS_MODULES.modules[\"revslider251\"].once = false;window.revapi25 = undefined;if (window.RS_MODULES.checkMinimal!==undefined) window.RS_MODULES.checkMinimal()}\n\t\t\t\t<\/script>\n\t\t\t<\/rs-module-wrap>\n\t\t\t<!-- END REVOLUTION SLIDER -->\n[\/vc_column][\/vc_row][vc_row][vc_column col_shadow=&#8220;box_shadow_enable:disable|shadow_horizontal:0|shadow_vertical:15|shadow_blur:50|shadow_spread:0|box_shadow_color:rgba(0%2C0%2C0%2C0.35)&#8220; col_shadow_hover=&#8220;box_shadow_enable:disable|shadow_horizontal:0|shadow_vertical:15|shadow_blur:50|shadow_spread:0|box_shadow_color:rgba(0%2C0%2C0%2C0.35)&#8220;]<div class=\"dfd-spacer-module\"  data-units=\"px\" data-wide_resolution=\"1280\" data-wide_size=\"120\" data-normal_resolution=\"1024\" data-normal_size=\"120\" data-tablet_resolution=\"800\" data-tablet_size=\"100\" data-mobile_resolution=\"480\" data-mobile_size=\"80\" style=\"height: 120px;\"><\/div>[\/vc_column][\/vc_row][vc_row css=&#8220;.vc_custom_1632832410370{padding-right: 30px !important;padding-left: 30px !important;}&#8220;][vc_column width=&#8220;1\/6&#8243;][\/vc_column][vc_column width=&#8220;2\/3&#8243;]<div class=\"dfd-heading-shortcode\"><div class=\"dfd-heading-module-wrap  text-left style_01 cr-animate-gen dfd-heading-69ea18ac561f8 dfd-disable-resposive-headings\" id=\"dfd-heading-69ea18ac561f8\" data-animate-type = \"transition.expandIn\" ><div class=\"inline-block\"><div class=\"dfd-heading-module\"><h3 class=\"widget-title dfd-title \" style=\"\">Familienaktion von Ticino Turismo<\/p>\n<p><\/h3><\/div><\/div><\/div><script type=\"text\/javascript\">\r\n\t\t\t\t\t\t\t\t\t(function($) {\r\n\t\t\t\t\t\t\t\t\t\t$(\"head\").append(\"<style>.dfd-heading-69ea18ac561f8 .dfd-heading-module .widget-title {margin-bottom:30px;}.dfd-heading-69ea18ac561f8.dfd-heading-module-wrap .dfd-heading-module .dfd-heading-delimiter {margin-top:10px;margin-bottom:10px;}@media (max-width: 1023px) and (min-width: 800px){.dfd-heading-69ea18ac561f8 .dfd-title{font-size: 30px !important;letter-spacing: 0px !important;line-height: 36px !important;}}@media (max-width: 799px){.dfd-heading-69ea18ac561f8 .dfd-title{font-size: 28px !important;letter-spacing: 0px !important;line-height: 34px !important;}}<\/style>\");\r\n\t\t\t\t\t\t\t\t\t})(jQuery);\r\n\t\t\t\t\t\t\t\t<\/script><\/div>[vc_column_text css=&#8220;&#8220;]Adrenalin und Spa\u00df f\u00fcr alle mit der Familienaktion von Ticino Turismo!<\/p>\n<p><strong>Fr. 5.\u2013 Rabatt auf das 10-Minuten-GOKART-Ticket f\u00fcr alle Familienmitglieder.<\/strong><\/p>\n<p>Geben Sie beim Ticketkauf an der Kasse einfach den Code \u201ePromozione Famiglia Ticino Turismo\u201c an.<\/p>\n<p>Achtung: Bitte \u00fcberpr\u00fcfen Sie immer die speziellen \u00d6ffnungszeiten f\u00fcr Kinder (Minikart, 8\u201313 Jahre und ab 130 cm) und Erwachsene (ab 14 Jahren).<\/p>\n<p>&nbsp;<\/p>\n<p><em>Reservierung nicht m\u00f6glich. Aktion nicht kumulierbar.<\/em><\/p>\n<p>&nbsp;<\/p>\n<p><img loading=\"lazy\" decoding=\"async\" class=\"alignnone wp-image-32588\" src=\"https:\/\/www.karts.ch\/wp-content\/uploads\/2025\/06\/karts_copertina_video_minikart-300x169.jpg\" alt=\"\" width=\"500\" height=\"282\" srcset=\"https:\/\/www.karts.ch\/wp-content\/uploads\/2025\/06\/karts_copertina_video_minikart-300x169.jpg 300w, https:\/\/www.karts.ch\/wp-content\/uploads\/2025\/06\/karts_copertina_video_minikart-1024x576.jpg 1024w, https:\/\/www.karts.ch\/wp-content\/uploads\/2025\/06\/karts_copertina_video_minikart-768x432.jpg 768w, https:\/\/www.karts.ch\/wp-content\/uploads\/2025\/06\/karts_copertina_video_minikart-1536x864.jpg 1536w, https:\/\/www.karts.ch\/wp-content\/uploads\/2025\/06\/karts_copertina_video_minikart.jpg 1920w\" sizes=\"auto, (max-width: 500px) 100vw, 500px\" \/>[\/vc_column_text][\/vc_column][vc_column width=&#8220;1\/6&#8243;][\/vc_column][\/vc_row][vc_row][vc_column col_shadow=&#8220;box_shadow_enable:disable|shadow_horizontal:0|shadow_vertical:15|shadow_blur:50|shadow_spread:0|box_shadow_color:rgba(0%2C0%2C0%2C0.35)&#8220; col_shadow_hover=&#8220;box_shadow_enable:disable|shadow_horizontal:0|shadow_vertical:15|shadow_blur:50|shadow_spread:0|box_shadow_color:rgba(0%2C0%2C0%2C0.35)&#8220;]<div class=\"dfd-spacer-module\"  data-units=\"px\" data-wide_resolution=\"1280\" data-wide_size=\"200\" data-normal_resolution=\"1024\" data-normal_size=\"200\" data-tablet_resolution=\"800\" data-tablet_size=\"200\" data-mobile_resolution=\"480\" data-mobile_size=\"200\" style=\"height: 200px;\"><\/div>[\/vc_column][\/vc_row]<\/p>\n<\/div>","protected":false},"excerpt":{"rendered":"<p>[vc_row][vc_column][\/vc_column][\/vc_row][vc_row][vc_column col_shadow=&#8220;box_shadow_enable:disable|shadow_horizontal:0|shadow_vertical:15|shadow_blur:50|shadow_spread:0|box_shadow_color:rgba(0%2C0%2C0%2C0.35)&#8220; col_shadow_hover=&#8220;box_shadow_enable:disable|shadow_horizontal:0|shadow_vertical:15|shadow_blur:50|shadow_spread:0|box_shadow_color:rgba(0%2C0%2C0%2C0.35)&#8220;][\/vc_column][\/vc_row][vc_row css=&#8220;.vc_custom_1632832410370{padding-right: 30px !important;padding-left: 30px !important;}&#8220;][vc_column width=&#8220;1\/6&#8243;][\/vc_column][vc_column width=&#8220;2\/3&#8243;][vc_column_text css=&#8220;&#8220;]Adrenalin und Spa\u00df f\u00fcr alle mit der Familienaktion von Ticino Turismo! Fr. 5.\u2013 Rabatt auf das 10-Minuten-GOKART-Ticket f\u00fcr alle Familienmitglieder.<\/p>\n","protected":false},"author":1,"featured_media":0,"parent":0,"menu_order":0,"comment_status":"closed","ping_status":"closed","template":"page-custom.php","meta":{"inline_featured_image":false,"footnotes":""},"class_list":["post-33548","page","type-page","status-publish","hentry"],"yoast_head":"<!-- This site is optimized with the Yoast SEO plugin v26.9 - https:\/\/yoast.com\/product\/yoast-seo-wordpress\/ -->\n<title>Familienaktion von Ticino Turismo - Karts<\/title>\n<meta name=\"description\" content=\"Adrenalin und Spa\u00df f\u00fcr alle mit der Familienaktion von Ticino Turismo!\" \/>\n<meta name=\"robots\" content=\"noindex, nofollow\" \/>\n<meta property=\"og:locale\" content=\"de_DE\" \/>\n<meta property=\"og:type\" content=\"article\" \/>\n<meta property=\"og:title\" content=\"Familienaktion von Ticino Turismo - Karts\" \/>\n<meta property=\"og:description\" content=\"Adrenalin und Spa\u00df f\u00fcr alle mit der Familienaktion von Ticino Turismo!\" \/>\n<meta property=\"og:url\" content=\"https:\/\/www.karts.ch\/de\/familienaktion-von-ticino-turismo\/\" \/>\n<meta property=\"og:site_name\" content=\"Karts\" \/>\n<meta property=\"article:modified_time\" content=\"2026-02-10T09:12:46+00:00\" \/>\n<meta property=\"og:image\" content=\"https:\/\/www.karts.ch\/wp-content\/uploads\/2025\/06\/karts_copertina_video_minikart.jpg\" \/>\n\t<meta property=\"og:image:width\" content=\"1920\" \/>\n\t<meta property=\"og:image:height\" content=\"1080\" \/>\n\t<meta property=\"og:image:type\" content=\"image\/jpeg\" \/>\n<meta name=\"twitter:card\" content=\"summary_large_image\" \/>\n<meta name=\"twitter:label1\" content=\"Gesch\u00e4tzte Lesezeit\" \/>\n\t<meta name=\"twitter:data1\" content=\"2\u00a0Minuten\" \/>\n<script type=\"application\/ld+json\" class=\"yoast-schema-graph\">{\"@context\":\"https:\/\/schema.org\",\"@graph\":[{\"@type\":\"WebPage\",\"@id\":\"https:\/\/www.karts.ch\/de\/familienaktion-von-ticino-turismo\/\",\"url\":\"https:\/\/www.karts.ch\/de\/familienaktion-von-ticino-turismo\/\",\"name\":\"Familienaktion von Ticino Turismo - Karts\",\"isPartOf\":{\"@id\":\"https:\/\/www.karts.ch\/de\/#website\"},\"primaryImageOfPage\":{\"@id\":\"https:\/\/www.karts.ch\/de\/familienaktion-von-ticino-turismo\/#primaryimage\"},\"image\":{\"@id\":\"https:\/\/www.karts.ch\/de\/familienaktion-von-ticino-turismo\/#primaryimage\"},\"thumbnailUrl\":\"https:\/\/www.karts.ch\/wp-content\/uploads\/2025\/06\/karts_copertina_video_minikart-300x169.jpg\",\"datePublished\":\"2026-02-09T14:54:28+00:00\",\"dateModified\":\"2026-02-10T09:12:46+00:00\",\"description\":\"Adrenalin und Spa\u00df f\u00fcr alle mit der Familienaktion von Ticino Turismo!\",\"breadcrumb\":{\"@id\":\"https:\/\/www.karts.ch\/de\/familienaktion-von-ticino-turismo\/#breadcrumb\"},\"inLanguage\":\"de\",\"potentialAction\":[{\"@type\":\"ReadAction\",\"target\":[\"https:\/\/www.karts.ch\/de\/familienaktion-von-ticino-turismo\/\"]}]},{\"@type\":\"ImageObject\",\"inLanguage\":\"de\",\"@id\":\"https:\/\/www.karts.ch\/de\/familienaktion-von-ticino-turismo\/#primaryimage\",\"url\":\"https:\/\/www.karts.ch\/wp-content\/uploads\/2025\/06\/karts_copertina_video_minikart-300x169.jpg\",\"contentUrl\":\"https:\/\/www.karts.ch\/wp-content\/uploads\/2025\/06\/karts_copertina_video_minikart-300x169.jpg\"},{\"@type\":\"BreadcrumbList\",\"@id\":\"https:\/\/www.karts.ch\/de\/familienaktion-von-ticino-turismo\/#breadcrumb\",\"itemListElement\":[{\"@type\":\"ListItem\",\"position\":1,\"name\":\"Home\",\"item\":\"https:\/\/www.karts.ch\/de\/\"},{\"@type\":\"ListItem\",\"position\":2,\"name\":\"Familienaktion von Ticino Turismo\"}]},{\"@type\":\"WebSite\",\"@id\":\"https:\/\/www.karts.ch\/de\/#website\",\"url\":\"https:\/\/www.karts.ch\/de\/\",\"name\":\"Karts\",\"description\":\"Pista GOKART Locarno-Magadino\",\"publisher\":{\"@id\":\"https:\/\/www.karts.ch\/de\/#organization\"},\"potentialAction\":[{\"@type\":\"SearchAction\",\"target\":{\"@type\":\"EntryPoint\",\"urlTemplate\":\"https:\/\/www.karts.ch\/de\/?s={search_term_string}\"},\"query-input\":{\"@type\":\"PropertyValueSpecification\",\"valueRequired\":true,\"valueName\":\"search_term_string\"}}],\"inLanguage\":\"de\"},{\"@type\":\"Organization\",\"@id\":\"https:\/\/www.karts.ch\/de\/#organization\",\"name\":\"karts\",\"url\":\"https:\/\/www.karts.ch\/de\/\",\"logo\":{\"@type\":\"ImageObject\",\"inLanguage\":\"de\",\"@id\":\"https:\/\/www.karts.ch\/de\/#\/schema\/logo\/image\/\",\"url\":\"https:\/\/www.karts.ch\/wp-content\/uploads\/2021\/09\/logo_black.png\",\"contentUrl\":\"https:\/\/www.karts.ch\/wp-content\/uploads\/2021\/09\/logo_black.png\",\"width\":473,\"height\":94,\"caption\":\"karts\"},\"image\":{\"@id\":\"https:\/\/www.karts.ch\/de\/#\/schema\/logo\/image\/\"}}]}<\/script>\n<!-- \/ Yoast SEO plugin. -->","yoast_head_json":{"title":"Familienaktion von Ticino Turismo - Karts","description":"Adrenalin und Spa\u00df f\u00fcr alle mit der Familienaktion von Ticino Turismo!","robots":{"index":"noindex","follow":"nofollow"},"og_locale":"de_DE","og_type":"article","og_title":"Familienaktion von Ticino Turismo - Karts","og_description":"Adrenalin und Spa\u00df f\u00fcr alle mit der Familienaktion von Ticino Turismo!","og_url":"https:\/\/www.karts.ch\/de\/familienaktion-von-ticino-turismo\/","og_site_name":"Karts","article_modified_time":"2026-02-10T09:12:46+00:00","og_image":[{"width":1920,"height":1080,"url":"https:\/\/www.karts.ch\/wp-content\/uploads\/2025\/06\/karts_copertina_video_minikart.jpg","type":"image\/jpeg"}],"twitter_card":"summary_large_image","twitter_misc":{"Gesch\u00e4tzte Lesezeit":"2\u00a0Minuten"},"schema":{"@context":"https:\/\/schema.org","@graph":[{"@type":"WebPage","@id":"https:\/\/www.karts.ch\/de\/familienaktion-von-ticino-turismo\/","url":"https:\/\/www.karts.ch\/de\/familienaktion-von-ticino-turismo\/","name":"Familienaktion von Ticino Turismo - Karts","isPartOf":{"@id":"https:\/\/www.karts.ch\/de\/#website"},"primaryImageOfPage":{"@id":"https:\/\/www.karts.ch\/de\/familienaktion-von-ticino-turismo\/#primaryimage"},"image":{"@id":"https:\/\/www.karts.ch\/de\/familienaktion-von-ticino-turismo\/#primaryimage"},"thumbnailUrl":"https:\/\/www.karts.ch\/wp-content\/uploads\/2025\/06\/karts_copertina_video_minikart-300x169.jpg","datePublished":"2026-02-09T14:54:28+00:00","dateModified":"2026-02-10T09:12:46+00:00","description":"Adrenalin und Spa\u00df f\u00fcr alle mit der Familienaktion von Ticino Turismo!","breadcrumb":{"@id":"https:\/\/www.karts.ch\/de\/familienaktion-von-ticino-turismo\/#breadcrumb"},"inLanguage":"de","potentialAction":[{"@type":"ReadAction","target":["https:\/\/www.karts.ch\/de\/familienaktion-von-ticino-turismo\/"]}]},{"@type":"ImageObject","inLanguage":"de","@id":"https:\/\/www.karts.ch\/de\/familienaktion-von-ticino-turismo\/#primaryimage","url":"https:\/\/www.karts.ch\/wp-content\/uploads\/2025\/06\/karts_copertina_video_minikart-300x169.jpg","contentUrl":"https:\/\/www.karts.ch\/wp-content\/uploads\/2025\/06\/karts_copertina_video_minikart-300x169.jpg"},{"@type":"BreadcrumbList","@id":"https:\/\/www.karts.ch\/de\/familienaktion-von-ticino-turismo\/#breadcrumb","itemListElement":[{"@type":"ListItem","position":1,"name":"Home","item":"https:\/\/www.karts.ch\/de\/"},{"@type":"ListItem","position":2,"name":"Familienaktion von Ticino Turismo"}]},{"@type":"WebSite","@id":"https:\/\/www.karts.ch\/de\/#website","url":"https:\/\/www.karts.ch\/de\/","name":"Karts","description":"Pista GOKART Locarno-Magadino","publisher":{"@id":"https:\/\/www.karts.ch\/de\/#organization"},"potentialAction":[{"@type":"SearchAction","target":{"@type":"EntryPoint","urlTemplate":"https:\/\/www.karts.ch\/de\/?s={search_term_string}"},"query-input":{"@type":"PropertyValueSpecification","valueRequired":true,"valueName":"search_term_string"}}],"inLanguage":"de"},{"@type":"Organization","@id":"https:\/\/www.karts.ch\/de\/#organization","name":"karts","url":"https:\/\/www.karts.ch\/de\/","logo":{"@type":"ImageObject","inLanguage":"de","@id":"https:\/\/www.karts.ch\/de\/#\/schema\/logo\/image\/","url":"https:\/\/www.karts.ch\/wp-content\/uploads\/2021\/09\/logo_black.png","contentUrl":"https:\/\/www.karts.ch\/wp-content\/uploads\/2021\/09\/logo_black.png","width":473,"height":94,"caption":"karts"},"image":{"@id":"https:\/\/www.karts.ch\/de\/#\/schema\/logo\/image\/"}}]}},"_links":{"self":[{"href":"https:\/\/www.karts.ch\/de\/wp-json\/wp\/v2\/pages\/33548","targetHints":{"allow":["GET"]}}],"collection":[{"href":"https:\/\/www.karts.ch\/de\/wp-json\/wp\/v2\/pages"}],"about":[{"href":"https:\/\/www.karts.ch\/de\/wp-json\/wp\/v2\/types\/page"}],"author":[{"embeddable":true,"href":"https:\/\/www.karts.ch\/de\/wp-json\/wp\/v2\/users\/1"}],"replies":[{"embeddable":true,"href":"https:\/\/www.karts.ch\/de\/wp-json\/wp\/v2\/comments?post=33548"}],"version-history":[{"count":6,"href":"https:\/\/www.karts.ch\/de\/wp-json\/wp\/v2\/pages\/33548\/revisions"}],"predecessor-version":[{"id":33626,"href":"https:\/\/www.karts.ch\/de\/wp-json\/wp\/v2\/pages\/33548\/revisions\/33626"}],"wp:attachment":[{"href":"https:\/\/www.karts.ch\/de\/wp-json\/wp\/v2\/media?parent=33548"}],"curies":[{"name":"wp","href":"https:\/\/api.w.org\/{rel}","templated":true}]}}