{"id":32045,"date":"2023-01-20T13:37:53","date_gmt":"2023-01-20T12:37:53","guid":{"rendered":"https:\/\/www.karts.ch\/?page_id=32045"},"modified":"2026-04-30T11:37:14","modified_gmt":"2026-04-30T09:37:14","slug":"horaires-tarifs","status":"publish","type":"page","link":"https:\/\/www.karts.ch\/fr\/horaires-tarifs\/","title":{"rendered":"HORAIRES\/TARIFS"},"content":{"rendered":"<div class=\"wpb-content-wrapper\"><p>[vc_row][vc_column]\n\t\t\t<!-- START orari e prezzi REVOLUTION SLIDER 6.7.35 --><p class=\"rs-p-wp-fix\"><\/p>\n\t\t\t<rs-module-wrap id=\"rev_slider_18_1_wrapper\" data-source=\"gallery\" style=\"visibility:hidden;background:transparent;padding:0;margin:0px auto;margin-top:0px;margin-bottom:0;\">\n\t\t\t\t<rs-module id=\"rev_slider_18_1\" style=\"\" data-version=\"6.7.35\">\n\t\t\t\t\t<rs-slides style=\"overflow: hidden; position: absolute;\">\n\t\t\t\t\t\t<rs-slide style=\"position: absolute;\" data-key=\"rs-56\" data-title=\"Slide\" data-anim=\"adpr:false;\" data-in=\"o:0;x:-100%;\" data-out=\"a:false;\">\n\t\t\t\t\t\t\t<img decoding=\"async\" src=\"\/\/www.karts.ch\/wp-content\/plugins\/revslider\/sr6\/assets\/assets\/dummy.png\" alt=\"\" title=\"Kart_Magadino_18.06.2024-19\" width=\"4240\" height=\"2832\" class=\"rev-slidebg tp-rs-img rs-lazyload\" data-lazyload=\"\/\/www.karts.ch\/wp-content\/uploads\/2025\/06\/Kart_Magadino_18.06.2024-19.jpg\" data-no-retina>\n<!--\n\t\t\t\t\t\t\t--><rs-layer\n\t\t\t\t\t\t\t\tid=\"slider-18-slide-56-layer-0\" \n\t\t\t\t\t\t\t\tdata-type=\"text\"\n\t\t\t\t\t\t\t\tdata-tsh=\"c:rgba(0,0,0,0.8);h:5px,4px,3px,1px;v:3px,2px,1px,0px;b:15px,12px,9px,5px;\"\n\t\t\t\t\t\t\t\tdata-rsp_ch=\"on\"\n\t\t\t\t\t\t\t\tdata-xy=\"xo:60px,60px,30px,25px;yo:120px,100px,120px,120px;\"\n\t\t\t\t\t\t\t\tdata-text=\"w:normal;s:70,60,50,40;l:70,60,50,40;fw:900;\"\n\t\t\t\t\t\t\t\tdata-frame_0=\"x:left;\"\n\t\t\t\t\t\t\t\tdata-frame_1=\"sp:1000;\"\n\t\t\t\t\t\t\t\tdata-frame_999=\"x:right;o:0;st:w;sp:1000;\"\n\t\t\t\t\t\t\t\tstyle=\"z-index:5;font-family:'Montserrat';font-style:italic;\"\n\t\t\t\t\t\t\t>HORAIRES ET TARIFS \n\t\t\t\t\t\t\t<\/rs-layer><!--\n-->\t\t\t\t\t<\/rs-slide>\n\t\t\t\t\t<\/rs-slides>\n\t\t\t\t<\/rs-module>\n\t\t\t\t<script>\n\t\t\t\t\tsetREVStartSize({c: 'rev_slider_18_1',rl:[1240,1024,778,480],el:[850,600,600,500],gw:[1240,1024,778,480],gh:[850,700,600,500],type:'hero',justify:'',layout:'fullwidth',mh:\"0\"});if (window.RS_MODULES!==undefined && window.RS_MODULES.modules!==undefined && window.RS_MODULES.modules[\"revslider181\"]!==undefined) {window.RS_MODULES.modules[\"revslider181\"].once = false;window.revapi18 = undefined;if (window.RS_MODULES.checkMinimal!==undefined) window.RS_MODULES.checkMinimal()}\n\t\t\t\t<\/script>\n\t\t\t<\/rs-module-wrap>\n\t\t\t<!-- END REVOLUTION SLIDER -->\n[\/vc_column][\/vc_row][vc_row css=\u00a0\u00bb.vc_custom_1632835886328{padding-right: 30px !important;padding-left: 30px !important;}\u00a0\u00bb][vc_column col_shadow=\u00a0\u00bbbox_shadow_enable:disable|shadow_horizontal:0|shadow_vertical:15|shadow_blur:50|shadow_spread:0|box_shadow_color:rgba(0%2C0%2C0%2C0.35)\u00a0\u00bb col_shadow_hover=\u00a0\u00bbbox_shadow_enable:disable|shadow_horizontal:0|shadow_vertical:15|shadow_blur:50|shadow_spread:0|box_shadow_color:rgba(0%2C0%2C0%2C0.35)\u00a0\u00bb]<div class=\"dfd-spacer-module\"  data-units=\"px\" data-wide_resolution=\"1280\" data-wide_size=\"120\" data-normal_resolution=\"1024\" data-normal_size=\"120\" data-tablet_resolution=\"800\" data-tablet_size=\"100\" data-mobile_resolution=\"480\" data-mobile_size=\"80\" style=\"height: 120px;\"><\/div>[\/vc_column][\/vc_row][vc_row][vc_column width=\u00a0\u00bb1\/2&Prime; col_shadow=\u00a0\u00bbbox_shadow_enable:disable|shadow_horizontal:0|shadow_vertical:15|shadow_blur:50|shadow_spread:0|box_shadow_color:rgba(0%2C0%2C0%2C0.35)\u00a0\u00bb col_shadow_hover=\u00a0\u00bbbox_shadow_enable:disable|shadow_horizontal:0|shadow_vertical:15|shadow_blur:50|shadow_spread:0|box_shadow_color:rgba(0%2C0%2C0%2C0.35)\u00a0\u00bb css=\u00a0\u00bb.vc_custom_1632832701884{padding-right: 30px !important;padding-left: 30px !important;}\u00a0\u00bb]<div class=\"dfd-heading-shortcode\"><div class=\"dfd-heading-module-wrap  text-left style_01 dfd-heading-6a08dca50db6e dfd-disable-resposive-headings\" id=\"dfd-heading-6a08dca50db6e\" ><div class=\"inline-block\"><div class=\"dfd-heading-module\"><h1 class=\"widget-title dfd-title \" style=\"color: #f90038 !important; \">HORAIRES<\/h1><\/div><\/div><\/div><script type=\"text\/javascript\">\r\n\t\t\t\t\t\t\t\t\t(function($) {\r\n\t\t\t\t\t\t\t\t\t\t$(\"head\").append(\"<style>.dfd-heading-6a08dca50db6e.dfd-heading-module-wrap .dfd-heading-module .dfd-heading-delimiter {margin-top:10px;margin-bottom:10px;}@media (max-width: 1279px) and (min-width: 1024px){.dfd-heading-6a08dca50db6e .dfd-title{font-size: 60px !important;letter-spacing: 0px !important;line-height: 60px !important;}}@media (max-width: 1023px) and (min-width: 800px){.dfd-heading-6a08dca50db6e .dfd-title{font-size: 50px !important;letter-spacing: 0px !important;line-height: 50px !important;}}@media (max-width: 799px){.dfd-heading-6a08dca50db6e .dfd-title{font-size: 40px !important;letter-spacing: 0px !important;line-height: 40px !important;}}<\/style>\");\r\n\t\t\t\t\t\t\t\t\t})(jQuery);\r\n\t\t\t\t\t\t\t\t<\/script><\/div><div class=\"dfd-spacer-module\"  data-units=\"px\" data-wide_resolution=\"1280\" data-wide_size=\"60\" data-normal_resolution=\"1024\" data-normal_size=\"60\" data-tablet_resolution=\"800\" data-tablet_size=\"30\" data-mobile_resolution=\"480\" data-mobile_size=\"30\" style=\"height: 60px;\"><\/div>[vc_column_text css=\u00a0\u00bb\u00a0\u00bb el_class=\u00a0\u00bbhr hr-red\u00a0\u00bb]<span class=\"text-boxed\" style=\"color: #ffffff; background-color: #f90038;\">ADULTES (\u00c0 PARTIR DE 14 ANS)<\/span><\/p>\n<p>Mai \u2013 Juin \u2013 Juillet \u2013 Ao\u00fbt<br \/>\n<strong><span class=\"black_color\">Tous les jours de 14h00 \u00e0 19h00<br \/>\n(Mercredis et dimanches \u00e0 partir de 15h00)<br \/>\n<\/span><\/strong><\/p>\n<p>Mars \u2013 Avril \u2013 Septembre \u2013 Octobre<br \/>\n<strong><span class=\"black_color\">Tous les jours de 14h00 \u00e0 18h00<br \/>\n(Mercredis et dimanches \u00e0 partir de 15h00)<br \/>\n<\/span><\/strong><\/p>\n<p>Novembre et F\u00e9vrier<br \/>\n<strong>Samedi : 14h00 \u2013 17h00<\/strong><br \/>\n<strong>Dimanche et mercredi : 15h00 \u2013 17h00<\/strong><\/p>\n<p>D\u00e9cembre \u2013 Janvier<br \/>\n<strong>Ferm\u00e9.\u00a0<\/strong><\/p>\n<p>&nbsp;<\/p>\n<hr \/>\n<p><span class=\"text-boxed\" style=\"color: #ffffff; background-color: #f90038;\">ENFANTS (8\u201313 ANS ET \u00c0 PARTIR DE 130 CM)<\/span><\/p>\n<p><strong><span class=\"black_color\">Mercredis et dimanches de 14h00 \u00e0 15h00<br \/>\n<\/span><\/strong><\/p>\n<p><strong><span style=\"color: #f70531;\">Sp\u00e9cial Ascension\/Pentec\u00f4te <\/span><a href=\"https:\/\/www.karts.ch\/fr\/ascension-pentecote-special-enfants\/\" target=\"_blank\" rel=\"noopener\"><span style=\"color: #f70531;\">le matin &gt;<\/span><\/a><\/strong><\/p>\n<p>P\u00e2ques, Ascension, Pentec\u00f4te, \u00c9t\u00e9,<br \/>\nVacances d\u2019automne : horaires sp\u00e9ciaux le matin.<\/p>\n<p><span style=\"color: #808080;\">Notre piste GOKART a re\u00e7u le label \u00ab Family Destination \u00bb de la F\u00e9d\u00e9ration Suisse du Tourisme.<\/span>[\/vc_column_text][\/vc_column][vc_column width=\u00a0\u00bb1\/2&Prime; col_shadow=\u00a0\u00bbbox_shadow_enable:disable|shadow_horizontal:0|shadow_vertical:15|shadow_blur:50|shadow_spread:0|box_shadow_color:rgba(0%2C0%2C0%2C0.35)\u00a0\u00bb col_shadow_hover=\u00a0\u00bbbox_shadow_enable:disable|shadow_horizontal:0|shadow_vertical:15|shadow_blur:50|shadow_spread:0|box_shadow_color:rgba(0%2C0%2C0%2C0.35)\u00a0\u00bb][\/vc_column][\/vc_row][vc_row][vc_column width=\u00a0\u00bb1\/2&Prime; col_shadow=\u00a0\u00bbbox_shadow_enable:disable|shadow_horizontal:0|shadow_vertical:15|shadow_blur:50|shadow_spread:0|box_shadow_color:rgba(0%2C0%2C0%2C0.35)\u00a0\u00bb col_shadow_hover=\u00a0\u00bbbox_shadow_enable:disable|shadow_horizontal:0|shadow_vertical:15|shadow_blur:50|shadow_spread:0|box_shadow_color:rgba(0%2C0%2C0%2C0.35)\u00a0\u00bb][\/vc_column][vc_column width=\u00a0\u00bb1\/2&Prime; dfd_column_responsive_enable=\u00a0\u00bbdfd-column-responsive-enable\u00a0\u00bb col_shadow=\u00a0\u00bbbox_shadow_enable:disable|shadow_horizontal:0|shadow_vertical:15|shadow_blur:50|shadow_spread:0|box_shadow_color:rgba(0%2C0%2C0%2C0.35)\u00a0\u00bb col_shadow_hover=\u00a0\u00bbbox_shadow_enable:disable|shadow_horizontal:0|shadow_vertical:15|shadow_blur:50|shadow_spread:0|box_shadow_color:rgba(0%2C0%2C0%2C0.35)\u00a0\u00bb css=\u00a0\u00bb.vc_custom_1674652087124{margin-top: -200px !important;padding-right: 30px !important;padding-left: 30px !important;}\u00a0\u00bb responsive_styles=\u00a0\u00bbmargin_top_desktop:-150|margin_top_tablet:-100|margin_top_mobile:90&Prime;]<div class=\"dfd-heading-shortcode\"><div class=\"dfd-heading-module-wrap  text-left style_01 dfd-heading-6a08dca50dc40 dfd-disable-resposive-headings\" id=\"dfd-heading-6a08dca50dc40\" ><div class=\"inline-block\"><div class=\"dfd-heading-module\"><h1 class=\"widget-title dfd-title \" style=\"color: #646363 !important; \">TARIFS<\/h1><\/div><\/div><\/div><script type=\"text\/javascript\">\r\n\t\t\t\t\t\t\t\t\t(function($) {\r\n\t\t\t\t\t\t\t\t\t\t$(\"head\").append(\"<style>.dfd-heading-6a08dca50dc40.dfd-heading-module-wrap .dfd-heading-module .dfd-heading-delimiter {margin-top:10px;margin-bottom:10px;}@media (max-width: 1279px) and (min-width: 1024px){.dfd-heading-6a08dca50dc40 .dfd-title{font-size: 60px !important;letter-spacing: 0px !important;line-height: 60px !important;}}@media (max-width: 1023px) and (min-width: 800px){.dfd-heading-6a08dca50dc40 .dfd-title{font-size: 50px !important;letter-spacing: 0px !important;line-height: 50px !important;}}@media (max-width: 799px){.dfd-heading-6a08dca50dc40 .dfd-title{font-size: 40px !important;letter-spacing: 0px !important;line-height: 40px !important;}}<\/style>\");\r\n\t\t\t\t\t\t\t\t\t})(jQuery);\r\n\t\t\t\t\t\t\t\t<\/script><\/div><div class=\"dfd-spacer-module\"  data-units=\"px\" data-wide_resolution=\"1280\" data-wide_size=\"60\" data-normal_resolution=\"1024\" data-normal_size=\"60\" data-tablet_resolution=\"800\" data-tablet_size=\"30\" data-mobile_resolution=\"480\" data-mobile_size=\"30\" style=\"height: 60px;\"><\/div>[vc_column_text css=\u00a0\u00bb\u00a0\u00bb el_class=\u00a0\u00bbhr hr-gray\u00a0\u00bb]<span class=\"text-boxed\" style=\"color: #ffffff; background-color: #646363;\">ADULTES (\u00c0 PARTIR DE 14 ANS)<\/span><\/p>\n<p><strong>Session de 10 minutes \u2013 CHF 25.\u2013<\/strong><br \/>\n<strong>Ticket TRIS<\/strong> <strong>(3 x 10 minutes) \u2013 CHF 65.\u2013<br \/>\n<\/strong><\/p>\n<p><em><span style=\"color: #808080;\"><strong>Nouveaut\u00e9 2025 : CHRONOM\u00c9TRAGE INCLUS !<\/strong><\/span><br \/>\n<\/em><\/p>\n<p><em>Le casque et la sous-casque sont compris dans le prix.<\/em><\/p>\n<hr \/>\n<p><span class=\"text-boxed\" style=\"color: #ffffff; background-color: #646363;\">ENFANTS (8\u201313 ANS ET \u00c0 PARTIR DE 130 CM)<\/span><\/p>\n<p><strong>Session de 10 minutes \u2013 CHF 19.\u2013<\/strong><\/p>\n<p><em>Le casque et la sous-casque sont compris dans le prix.<\/em><\/p>\n<p><span style=\"color: #999999;\"><strong><br \/>\n<span style=\"color: #808080;\">Offre sp\u00e9ciale Ticino Turismo Familles : CHF 5.\u2013 de r\u00e9duction pour chaque membre de la famille en indiquant le code \u00ab Offerta Famiglie Ticino Turismo \u00bb \u00e0 la caisse.<\/span><\/strong><\/span><\/p>\n<hr \/>\n<p><span class=\"text-boxed\" style=\"color: #ffffff; background-color: #646363;\">GROUPES (Adultes)<\/span><\/p>\n<p><strong>Forfait GRAND PRIX<br \/>\n<\/strong>2 x Qualifications (2 x 10 min avec chronom\u00e9trage)<br \/>\n1 x Course (14 tours \u2013 env. 10 min)<br \/>\nCHF 65.\u2013 par personne (comprend un troph\u00e9e)<br \/>\n<em>Disponible uniquement le matin \/ midi, minimum 8 personnes<\/em><\/p>\n<p><strong>Forfait OR<\/strong><br \/>\n3 x sessions de kart de 10 minutes<br \/>\n+ chronom\u00e9trage<br \/>\nCHF 60.\u2013 par personne<\/p>\n<p><strong>Forfait ARGENT<\/strong><br \/>\n2 x sessions de kart de 10 minutes<br \/>\n+ chronom\u00e9trage<br \/>\nCHF 50.\u2013 par personne<\/p>\n<p><a href=\"https:\/\/www.karts.ch\/fr\/groupes\/\"><strong><span style=\"color: #6e6a6a;\">Tous les d\u00e9tails ici &gt;<\/span><\/strong><\/a><\/p>\n<p>[\/vc_column_text][\/vc_column][\/vc_row][vc_row css=\u00a0\u00bb.vc_custom_1632835886328{padding-right: 30px !important;padding-left: 30px !important;}\u00a0\u00bb][vc_column col_shadow=\u00a0\u00bbbox_shadow_enable:disable|shadow_horizontal:0|shadow_vertical:15|shadow_blur:50|shadow_spread:0|box_shadow_color:rgba(0%2C0%2C0%2C0.35)\u00a0\u00bb col_shadow_hover=\u00a0\u00bbbox_shadow_enable:disable|shadow_horizontal:0|shadow_vertical:15|shadow_blur:50|shadow_spread:0|box_shadow_color:rgba(0%2C0%2C0%2C0.35)\u00a0\u00bb]<div class=\"dfd-spacer-module\"  data-units=\"px\" data-wide_resolution=\"1280\" data-wide_size=\"100\" data-normal_resolution=\"1024\" data-normal_size=\"100\" data-tablet_resolution=\"800\" data-tablet_size=\"80\" data-mobile_resolution=\"480\" data-mobile_size=\"80\" style=\"height: 100px;\"><\/div>[\/vc_column][\/vc_row]<\/p>\n<\/div>","protected":false},"excerpt":{"rendered":"<p>[vc_row][vc_column][\/vc_column][\/vc_row][vc_row css=\u00a0\u00bb.vc_custom_1632835886328{padding-right: 30px !important;padding-left: 30px !important;}\u00a0\u00bb][vc_column col_shadow=\u00a0\u00bbbox_shadow_enable:disable|shadow_horizontal:0|shadow_vertical:15|shadow_blur:50|shadow_spread:0|box_shadow_color:rgba(0%2C0%2C0%2C0.35)\u00a0\u00bb col_shadow_hover=\u00a0\u00bbbox_shadow_enable:disable|shadow_horizontal:0|shadow_vertical:15|shadow_blur:50|shadow_spread:0|box_shadow_color:rgba(0%2C0%2C0%2C0.35)\u00a0\u00bb][\/vc_column][\/vc_row][vc_row][vc_column width=\u00a0\u00bb1\/2&Prime; col_shadow=\u00a0\u00bbbox_shadow_enable:disable|shadow_horizontal:0|shadow_vertical:15|shadow_blur:50|shadow_spread:0|box_shadow_color:rgba(0%2C0%2C0%2C0.35)\u00a0\u00bb col_shadow_hover=\u00a0\u00bbbox_shadow_enable:disable|shadow_horizontal:0|shadow_vertical:15|shadow_blur:50|shadow_spread:0|box_shadow_color:rgba(0%2C0%2C0%2C0.35)\u00a0\u00bb css=\u00a0\u00bb.vc_custom_1632832701884{padding-right: 30px !important;padding-left: 30px !important;}\u00a0\u00bb][vc_column_text css=\u00a0\u00bb\u00a0\u00bb el_class=\u00a0\u00bbhr hr-red\u00a0\u00bb]ADULTES (\u00c0 PARTIR DE 14 ANS) Mai \u2013 Juin \u2013 Juillet \u2013<\/p>\n","protected":false},"author":1,"featured_media":0,"parent":0,"menu_order":0,"comment_status":"closed","ping_status":"closed","template":"page-custom.php","meta":{"inline_featured_image":false,"footnotes":""},"class_list":["post-32045","page","type-page","status-publish","hentry"],"yoast_head":"<!-- This site is optimized with the Yoast SEO plugin v27.4 - https:\/\/yoast.com\/product\/yoast-seo-wordpress\/ -->\n<title>HORAIRES\/TARIFS - Karts<\/title>\n<meta name=\"robots\" content=\"index, follow, max-snippet:-1, max-image-preview:large, max-video-preview:-1\" \/>\n<link rel=\"canonical\" href=\"https:\/\/www.karts.ch\/fr\/horaires-tarifs\/\" \/>\n<meta property=\"og:locale\" content=\"fr_FR\" \/>\n<meta property=\"og:type\" content=\"article\" \/>\n<meta property=\"og:title\" content=\"HORAIRES\/TARIFS - Karts\" \/>\n<meta property=\"og:description\" content=\"[vc_row][vc_column][\/vc_column][\/vc_row][vc_row css=\u00a0\u00bb.vc_custom_1632835886328{padding-right: 30px !important;padding-left: 30px !important;}\u00a0\u00bb][vc_column col_shadow=\u00a0\u00bbbox_shadow_enable:disable|shadow_horizontal:0|shadow_vertical:15|shadow_blur:50|shadow_spread:0|box_shadow_color:rgba(0%2C0%2C0%2C0.35)\u00a0\u00bb col_shadow_hover=\u00a0\u00bbbox_shadow_enable:disable|shadow_horizontal:0|shadow_vertical:15|shadow_blur:50|shadow_spread:0|box_shadow_color:rgba(0%2C0%2C0%2C0.35)\u00a0\u00bb][\/vc_column][\/vc_row][vc_row][vc_column width=\u00a0\u00bb1\/2&Prime; col_shadow=\u00a0\u00bbbox_shadow_enable:disable|shadow_horizontal:0|shadow_vertical:15|shadow_blur:50|shadow_spread:0|box_shadow_color:rgba(0%2C0%2C0%2C0.35)\u00a0\u00bb col_shadow_hover=\u00a0\u00bbbox_shadow_enable:disable|shadow_horizontal:0|shadow_vertical:15|shadow_blur:50|shadow_spread:0|box_shadow_color:rgba(0%2C0%2C0%2C0.35)\u00a0\u00bb css=\u00a0\u00bb.vc_custom_1632832701884{padding-right: 30px !important;padding-left: 30px !important;}\u00a0\u00bb][vc_column_text css=\u00a0\u00bb\u00a0\u00bb el_class=\u00a0\u00bbhr hr-red\u00a0\u00bb]ADULTES (\u00c0 PARTIR DE 14 ANS) Mai \u2013 Juin \u2013 Juillet \u2013\" \/>\n<meta property=\"og:url\" content=\"https:\/\/www.karts.ch\/fr\/horaires-tarifs\/\" \/>\n<meta property=\"og:site_name\" content=\"Karts\" \/>\n<meta property=\"article:modified_time\" content=\"2026-04-30T09:37:14+00:00\" \/>\n<meta name=\"twitter:card\" content=\"summary_large_image\" \/>\n<meta name=\"twitter:label1\" content=\"Dur\u00e9e de lecture estim\u00e9e\" \/>\n\t<meta name=\"twitter:data1\" content=\"4 minutes\" \/>\n<script type=\"application\/ld+json\" class=\"yoast-schema-graph\">{\"@context\":\"https:\\\/\\\/schema.org\",\"@graph\":[{\"@type\":\"WebPage\",\"@id\":\"https:\\\/\\\/www.karts.ch\\\/fr\\\/horaires-tarifs\\\/\",\"url\":\"https:\\\/\\\/www.karts.ch\\\/fr\\\/horaires-tarifs\\\/\",\"name\":\"HORAIRES\\\/TARIFS - Karts\",\"isPartOf\":{\"@id\":\"https:\\\/\\\/www.karts.ch\\\/fr\\\/#website\"},\"datePublished\":\"2023-01-20T12:37:53+00:00\",\"dateModified\":\"2026-04-30T09:37:14+00:00\",\"breadcrumb\":{\"@id\":\"https:\\\/\\\/www.karts.ch\\\/fr\\\/horaires-tarifs\\\/#breadcrumb\"},\"inLanguage\":\"fr-FR\",\"potentialAction\":[{\"@type\":\"ReadAction\",\"target\":[\"https:\\\/\\\/www.karts.ch\\\/fr\\\/horaires-tarifs\\\/\"]}]},{\"@type\":\"BreadcrumbList\",\"@id\":\"https:\\\/\\\/www.karts.ch\\\/fr\\\/horaires-tarifs\\\/#breadcrumb\",\"itemListElement\":[{\"@type\":\"ListItem\",\"position\":1,\"name\":\"Home\",\"item\":\"https:\\\/\\\/www.karts.ch\\\/fr\\\/\"},{\"@type\":\"ListItem\",\"position\":2,\"name\":\"HORAIRES\\\/TARIFS\"}]},{\"@type\":\"WebSite\",\"@id\":\"https:\\\/\\\/www.karts.ch\\\/fr\\\/#website\",\"url\":\"https:\\\/\\\/www.karts.ch\\\/fr\\\/\",\"name\":\"Karts\",\"description\":\"Pista GOKART Locarno-Magadino\",\"publisher\":{\"@id\":\"https:\\\/\\\/www.karts.ch\\\/fr\\\/#organization\"},\"potentialAction\":[{\"@type\":\"SearchAction\",\"target\":{\"@type\":\"EntryPoint\",\"urlTemplate\":\"https:\\\/\\\/www.karts.ch\\\/fr\\\/?s={search_term_string}\"},\"query-input\":{\"@type\":\"PropertyValueSpecification\",\"valueRequired\":true,\"valueName\":\"search_term_string\"}}],\"inLanguage\":\"fr-FR\"},{\"@type\":\"Organization\",\"@id\":\"https:\\\/\\\/www.karts.ch\\\/fr\\\/#organization\",\"name\":\"karts\",\"url\":\"https:\\\/\\\/www.karts.ch\\\/fr\\\/\",\"logo\":{\"@type\":\"ImageObject\",\"inLanguage\":\"fr-FR\",\"@id\":\"https:\\\/\\\/www.karts.ch\\\/fr\\\/#\\\/schema\\\/logo\\\/image\\\/\",\"url\":\"https:\\\/\\\/www.karts.ch\\\/wp-content\\\/uploads\\\/2021\\\/09\\\/logo_black.png\",\"contentUrl\":\"https:\\\/\\\/www.karts.ch\\\/wp-content\\\/uploads\\\/2021\\\/09\\\/logo_black.png\",\"width\":473,\"height\":94,\"caption\":\"karts\"},\"image\":{\"@id\":\"https:\\\/\\\/www.karts.ch\\\/fr\\\/#\\\/schema\\\/logo\\\/image\\\/\"}}]}<\/script>\n<!-- \/ Yoast SEO plugin. -->","yoast_head_json":{"title":"HORAIRES\/TARIFS - Karts","robots":{"index":"index","follow":"follow","max-snippet":"max-snippet:-1","max-image-preview":"max-image-preview:large","max-video-preview":"max-video-preview:-1"},"canonical":"https:\/\/www.karts.ch\/fr\/horaires-tarifs\/","og_locale":"fr_FR","og_type":"article","og_title":"HORAIRES\/TARIFS - Karts","og_description":"[vc_row][vc_column][\/vc_column][\/vc_row][vc_row css=\u00a0\u00bb.vc_custom_1632835886328{padding-right: 30px !important;padding-left: 30px !important;}\u00a0\u00bb][vc_column col_shadow=\u00a0\u00bbbox_shadow_enable:disable|shadow_horizontal:0|shadow_vertical:15|shadow_blur:50|shadow_spread:0|box_shadow_color:rgba(0%2C0%2C0%2C0.35)\u00a0\u00bb col_shadow_hover=\u00a0\u00bbbox_shadow_enable:disable|shadow_horizontal:0|shadow_vertical:15|shadow_blur:50|shadow_spread:0|box_shadow_color:rgba(0%2C0%2C0%2C0.35)\u00a0\u00bb][\/vc_column][\/vc_row][vc_row][vc_column width=\u00a0\u00bb1\/2&Prime; col_shadow=\u00a0\u00bbbox_shadow_enable:disable|shadow_horizontal:0|shadow_vertical:15|shadow_blur:50|shadow_spread:0|box_shadow_color:rgba(0%2C0%2C0%2C0.35)\u00a0\u00bb col_shadow_hover=\u00a0\u00bbbox_shadow_enable:disable|shadow_horizontal:0|shadow_vertical:15|shadow_blur:50|shadow_spread:0|box_shadow_color:rgba(0%2C0%2C0%2C0.35)\u00a0\u00bb css=\u00a0\u00bb.vc_custom_1632832701884{padding-right: 30px !important;padding-left: 30px !important;}\u00a0\u00bb][vc_column_text css=\u00a0\u00bb\u00a0\u00bb el_class=\u00a0\u00bbhr hr-red\u00a0\u00bb]ADULTES (\u00c0 PARTIR DE 14 ANS) Mai \u2013 Juin \u2013 Juillet \u2013","og_url":"https:\/\/www.karts.ch\/fr\/horaires-tarifs\/","og_site_name":"Karts","article_modified_time":"2026-04-30T09:37:14+00:00","twitter_card":"summary_large_image","twitter_misc":{"Dur\u00e9e de lecture estim\u00e9e":"4 minutes"},"schema":{"@context":"https:\/\/schema.org","@graph":[{"@type":"WebPage","@id":"https:\/\/www.karts.ch\/fr\/horaires-tarifs\/","url":"https:\/\/www.karts.ch\/fr\/horaires-tarifs\/","name":"HORAIRES\/TARIFS - Karts","isPartOf":{"@id":"https:\/\/www.karts.ch\/fr\/#website"},"datePublished":"2023-01-20T12:37:53+00:00","dateModified":"2026-04-30T09:37:14+00:00","breadcrumb":{"@id":"https:\/\/www.karts.ch\/fr\/horaires-tarifs\/#breadcrumb"},"inLanguage":"fr-FR","potentialAction":[{"@type":"ReadAction","target":["https:\/\/www.karts.ch\/fr\/horaires-tarifs\/"]}]},{"@type":"BreadcrumbList","@id":"https:\/\/www.karts.ch\/fr\/horaires-tarifs\/#breadcrumb","itemListElement":[{"@type":"ListItem","position":1,"name":"Home","item":"https:\/\/www.karts.ch\/fr\/"},{"@type":"ListItem","position":2,"name":"HORAIRES\/TARIFS"}]},{"@type":"WebSite","@id":"https:\/\/www.karts.ch\/fr\/#website","url":"https:\/\/www.karts.ch\/fr\/","name":"Karts","description":"Pista GOKART Locarno-Magadino","publisher":{"@id":"https:\/\/www.karts.ch\/fr\/#organization"},"potentialAction":[{"@type":"SearchAction","target":{"@type":"EntryPoint","urlTemplate":"https:\/\/www.karts.ch\/fr\/?s={search_term_string}"},"query-input":{"@type":"PropertyValueSpecification","valueRequired":true,"valueName":"search_term_string"}}],"inLanguage":"fr-FR"},{"@type":"Organization","@id":"https:\/\/www.karts.ch\/fr\/#organization","name":"karts","url":"https:\/\/www.karts.ch\/fr\/","logo":{"@type":"ImageObject","inLanguage":"fr-FR","@id":"https:\/\/www.karts.ch\/fr\/#\/schema\/logo\/image\/","url":"https:\/\/www.karts.ch\/wp-content\/uploads\/2021\/09\/logo_black.png","contentUrl":"https:\/\/www.karts.ch\/wp-content\/uploads\/2021\/09\/logo_black.png","width":473,"height":94,"caption":"karts"},"image":{"@id":"https:\/\/www.karts.ch\/fr\/#\/schema\/logo\/image\/"}}]}},"_links":{"self":[{"href":"https:\/\/www.karts.ch\/fr\/wp-json\/wp\/v2\/pages\/32045","targetHints":{"allow":["GET"]}}],"collection":[{"href":"https:\/\/www.karts.ch\/fr\/wp-json\/wp\/v2\/pages"}],"about":[{"href":"https:\/\/www.karts.ch\/fr\/wp-json\/wp\/v2\/types\/page"}],"author":[{"embeddable":true,"href":"https:\/\/www.karts.ch\/fr\/wp-json\/wp\/v2\/users\/1"}],"replies":[{"embeddable":true,"href":"https:\/\/www.karts.ch\/fr\/wp-json\/wp\/v2\/comments?post=32045"}],"version-history":[{"count":27,"href":"https:\/\/www.karts.ch\/fr\/wp-json\/wp\/v2\/pages\/32045\/revisions"}],"predecessor-version":[{"id":34074,"href":"https:\/\/www.karts.ch\/fr\/wp-json\/wp\/v2\/pages\/32045\/revisions\/34074"}],"wp:attachment":[{"href":"https:\/\/www.karts.ch\/fr\/wp-json\/wp\/v2\/media?parent=32045"}],"curies":[{"name":"wp","href":"https:\/\/api.w.org\/{rel}","templated":true}]}}